{"id":1508,"date":"2024-06-27T19:03:30","date_gmt":"2024-06-27T16:03:30","guid":{"rendered":"https:\/\/dev-site.powercode.pro\/o-nas\/"},"modified":"2024-07-29T15:29:30","modified_gmt":"2024-07-29T12:29:30","slug":"o-nas","status":"publish","type":"page","link":"https:\/\/dev-site.powercode.pro\/pl\/o-nas\/","title":{"rendered":"O nas"},"content":{"rendered":"\n<p>Jeste\u015bmy kluczem dla prawid\u0142owego funkcjonowania Twojej firmy. Tworzymy rozwi\u0105zania na ka\u017cdej p\u0142aszczy\u017anie obowi\u0105zk\u00f3w, usprawniamy produkcj\u0119, magazyn oraz sprzeda\u017c, a je\u015bli trzeba pomo\u017cemy r\u00f3wnie\u017c przy przep\u0142ywie dokumentacji. Twoje oczekiwania s\u0105 dla nas najwa\u017cniejsze, dlatego tworzymy rozwi\u0105zania w pe\u0142ni dostosowane do potrzeb klienta. Nieustannie rozwijamy nasze umiej\u0119tno\u015bci, a ka\u017cdy projekt to dla nas wyzwanie, dzi\u0119ki kt\u00f3remu zwi\u0119kszamy nasze do\u015bwiadczenie b\u0119d\u0105c ekspertem we wdra\u017caniu unikalnych rozwi\u0105za\u0144 informatycznych.     <\/p>\n","protected":false},"excerpt":{"rendered":"<p>Jeste\u015bmy kluczem dla prawid\u0142owego funkcjonowania Twojej firmy. Tworzymy rozwi\u0105zania na ka\u017cdej p\u0142aszczy\u017anie obowi\u0105zk\u00f3w, usprawniamy produkcj\u0119, magazyn oraz sprzeda\u017c, a je\u015bli trzeba pomo\u017cemy r\u00f3wnie\u017c przy przep\u0142ywie dokumentacji. Twoje oczekiwania s\u0105 dla nas najwa\u017cniejsze, dlatego tworzymy rozwi\u0105zania w pe\u0142ni dostosowane do potrzeb klienta. Nieustannie rozwijamy nasze umiej\u0119tno\u015bci, a ka\u017cdy projekt to dla nas wyzwanie, dzi\u0119ki kt\u00f3remu zwi\u0119kszamy [&hellip;]<\/p>\n","protected":false},"author":1,"featured_media":491,"parent":0,"menu_order":0,"comment_status":"closed","ping_status":"closed","template":"templates\/about.php","meta":[],"acf":[],"aioseo_notices":[],"_links":{"self":[{"href":"https:\/\/dev-site.powercode.pro\/pl\/wp-json\/wp\/v2\/pages\/1508"}],"collection":[{"href":"https:\/\/dev-site.powercode.pro\/pl\/wp-json\/wp\/v2\/pages"}],"about":[{"href":"https:\/\/dev-site.powercode.pro\/pl\/wp-json\/wp\/v2\/types\/page"}],"author":[{"embeddable":true,"href":"https:\/\/dev-site.powercode.pro\/pl\/wp-json\/wp\/v2\/users\/1"}],"replies":[{"embeddable":true,"href":"https:\/\/dev-site.powercode.pro\/pl\/wp-json\/wp\/v2\/comments?post=1508"}],"version-history":[{"count":3,"href":"https:\/\/dev-site.powercode.pro\/pl\/wp-json\/wp\/v2\/pages\/1508\/revisions"}],"predecessor-version":[{"id":1511,"href":"https:\/\/dev-site.powercode.pro\/pl\/wp-json\/wp\/v2\/pages\/1508\/revisions\/1511"}],"wp:featuredmedia":[{"embeddable":true,"href":"https:\/\/dev-site.powercode.pro\/pl\/wp-json\/wp\/v2\/media\/491"}],"wp:attachment":[{"href":"https:\/\/dev-site.powercode.pro\/pl\/wp-json\/wp\/v2\/media?parent=1508"}],"curies":[{"name":"wp","href":"https:\/\/api.w.org\/{rel}","templated":true}]}}