{"id":1516,"date":"2024-06-28T14:44:39","date_gmt":"2024-06-28T11:44:39","guid":{"rendered":"https:\/\/dev-site.powercode.pro\/services\/"},"modified":"2024-07-29T15:37:35","modified_gmt":"2024-07-29T12:37:35","slug":"services","status":"publish","type":"page","link":"https:\/\/dev-site.powercode.pro\/pl\/services\/","title":{"rendered":"Services"},"content":{"rendered":"\n<p>Space IT to zesp\u00f3\u0142 do\u015bwiadczonych specjalist\u00f3w, kt\u00f3rzy \u015bwiadcz\u0105 szeroki zakres us\u0142ug z gwarancj\u0105 jako\u015bci i sta\u0142ym wsparciem. Tworzymy rozwi\u0105zania cyfrowe odpowiadaj\u0105ce potrzebom wsp\u00f3\u0142czesnego rynku i optymalizuj\u0105ce wewn\u0119trzne procesy w firmach klient\u00f3w. <\/p>\n","protected":false},"excerpt":{"rendered":"<p>Space IT to zesp\u00f3\u0142 do\u015bwiadczonych specjalist\u00f3w, kt\u00f3rzy \u015bwiadcz\u0105 szeroki zakres us\u0142ug z gwarancj\u0105 jako\u015bci i sta\u0142ym wsparciem. Tworzymy rozwi\u0105zania cyfrowe odpowiadaj\u0105ce potrzebom wsp\u00f3\u0142czesnego rynku i optymalizuj\u0105ce wewn\u0119trzne procesy w firmach klient\u00f3w.<\/p>\n","protected":false},"author":1,"featured_media":527,"parent":0,"menu_order":0,"comment_status":"closed","ping_status":"closed","template":"templates\/services.php","meta":[],"acf":[],"aioseo_notices":[],"_links":{"self":[{"href":"https:\/\/dev-site.powercode.pro\/pl\/wp-json\/wp\/v2\/pages\/1516"}],"collection":[{"href":"https:\/\/dev-site.powercode.pro\/pl\/wp-json\/wp\/v2\/pages"}],"about":[{"href":"https:\/\/dev-site.powercode.pro\/pl\/wp-json\/wp\/v2\/types\/page"}],"author":[{"embeddable":true,"href":"https:\/\/dev-site.powercode.pro\/pl\/wp-json\/wp\/v2\/users\/1"}],"replies":[{"embeddable":true,"href":"https:\/\/dev-site.powercode.pro\/pl\/wp-json\/wp\/v2\/comments?post=1516"}],"version-history":[{"count":3,"href":"https:\/\/dev-site.powercode.pro\/pl\/wp-json\/wp\/v2\/pages\/1516\/revisions"}],"predecessor-version":[{"id":1519,"href":"https:\/\/dev-site.powercode.pro\/pl\/wp-json\/wp\/v2\/pages\/1516\/revisions\/1519"}],"wp:featuredmedia":[{"embeddable":true,"href":"https:\/\/dev-site.powercode.pro\/pl\/wp-json\/wp\/v2\/media\/527"}],"wp:attachment":[{"href":"https:\/\/dev-site.powercode.pro\/pl\/wp-json\/wp\/v2\/media?parent=1516"}],"curies":[{"name":"wp","href":"https:\/\/api.w.org\/{rel}","templated":true}]}}