{"id":1525,"date":"2024-06-28T17:50:16","date_gmt":"2024-06-28T14:50:16","guid":{"rendered":"https:\/\/dev-site.powercode.pro\/ekspertyza\/"},"modified":"2024-07-29T15:40:52","modified_gmt":"2024-07-29T12:40:52","slug":"ekspertyza","status":"publish","type":"page","link":"https:\/\/dev-site.powercode.pro\/pl\/ekspertyza\/","title":{"rendered":"Ekspertyza"},"content":{"rendered":"\n<p>SpaceIT to firma zajmuj\u0105ca si\u0119 niestandardowym oprogramowaniem, w kt\u00f3rej do\u015bwiadczeni specjali\u015bci IT generuj\u0105 kreatywne pomys\u0142y. Wiemy jak wykorzysta\u0107 najnowsze technologie i metody tworzenia zaawansowanych rozwi\u0105za\u0144 dla Twojego biznesu. <\/p>\n","protected":false},"excerpt":{"rendered":"<p>SpaceIT to firma zajmuj\u0105ca si\u0119 niestandardowym oprogramowaniem, w kt\u00f3rej do\u015bwiadczeni specjali\u015bci IT generuj\u0105 kreatywne pomys\u0142y. Wiemy jak wykorzysta\u0107 najnowsze technologie i metody tworzenia zaawansowanych rozwi\u0105za\u0144 dla Twojego biznesu.<\/p>\n","protected":false},"author":1,"featured_media":659,"parent":0,"menu_order":0,"comment_status":"closed","ping_status":"closed","template":"templates\/expertise.php","meta":[],"acf":[],"aioseo_notices":[],"_links":{"self":[{"href":"https:\/\/dev-site.powercode.pro\/pl\/wp-json\/wp\/v2\/pages\/1525"}],"collection":[{"href":"https:\/\/dev-site.powercode.pro\/pl\/wp-json\/wp\/v2\/pages"}],"about":[{"href":"https:\/\/dev-site.powercode.pro\/pl\/wp-json\/wp\/v2\/types\/page"}],"author":[{"embeddable":true,"href":"https:\/\/dev-site.powercode.pro\/pl\/wp-json\/wp\/v2\/users\/1"}],"replies":[{"embeddable":true,"href":"https:\/\/dev-site.powercode.pro\/pl\/wp-json\/wp\/v2\/comments?post=1525"}],"version-history":[{"count":3,"href":"https:\/\/dev-site.powercode.pro\/pl\/wp-json\/wp\/v2\/pages\/1525\/revisions"}],"predecessor-version":[{"id":1528,"href":"https:\/\/dev-site.powercode.pro\/pl\/wp-json\/wp\/v2\/pages\/1525\/revisions\/1528"}],"wp:featuredmedia":[{"embeddable":true,"href":"https:\/\/dev-site.powercode.pro\/pl\/wp-json\/wp\/v2\/media\/659"}],"wp:attachment":[{"href":"https:\/\/dev-site.powercode.pro\/pl\/wp-json\/wp\/v2\/media?parent=1525"}],"curies":[{"name":"wp","href":"https:\/\/api.w.org\/{rel}","templated":true}]}}