{"id":1547,"date":"2024-07-01T11:10:30","date_gmt":"2024-07-01T08:10:30","guid":{"rendered":"https:\/\/dev-site.powercode.pro\/web-3-0-amp-sztuczna-inteligencja\/"},"modified":"2024-07-29T16:06:40","modified_gmt":"2024-07-29T13:06:40","slug":"web-3-0-amp-sztuczna-inteligencja","status":"publish","type":"page","link":"https:\/\/dev-site.powercode.pro\/pl\/web-3-0-amp-sztuczna-inteligencja\/","title":{"rendered":"Web 3.0 &amp; Sztuczna inteligencja"},"content":{"rendered":"\n<p>Web 3.0 blockchain DApps development dla dowolnych blockchain\u00f3w opartych na EVM. Zesp\u00f3\u0142 SPACE IT ma g\u0142\u0119bok\u0105 wiedz\u0119 na temat decentralized exchanges, NFT collections, NFT marketplaces oraz lending\/borrowing. Dodatkowo, posiadamy wiedz\u0119 na temat Web 3.0 i sztucznej inteligencji (AI), wykorzystuj\u0105c technologi\u0119 blockchain dla zwi\u0119kszonego bezpiecze\u0144stwa, prywatno\u015bci i kontroli u\u017cytkownika, jednocze\u015bnie integruj\u0105c automatyzacj\u0119 oraz inteligentne przetwarzanie danych za pomoc\u0105 sztucznej inteligencji. Ta kombinacja pozwala nam tworzy\u0107 pot\u0119\u017cne i innowacyjne rozwi\u0105zania dla klient\u00f3w.   <\/p>\n","protected":false},"excerpt":{"rendered":"<p>Web 3.0 blockchain DApps development dla dowolnych blockchain\u00f3w opartych na EVM. Zesp\u00f3\u0142 SPACE IT ma g\u0142\u0119bok\u0105 wiedz\u0119 na temat decentralized exchanges, NFT collections, NFT marketplaces oraz lending\/borrowing. Dodatkowo, posiadamy wiedz\u0119 na temat Web 3.0 i sztucznej inteligencji (AI), wykorzystuj\u0105c technologi\u0119 blockchain dla zwi\u0119kszonego bezpiecze\u0144stwa, prywatno\u015bci i kontroli u\u017cytkownika, jednocze\u015bnie integruj\u0105c automatyzacj\u0119 oraz inteligentne przetwarzanie danych [&hellip;]<\/p>\n","protected":false},"author":1,"featured_media":724,"parent":0,"menu_order":0,"comment_status":"closed","ping_status":"closed","template":"templates\/web3_0.php","meta":[],"acf":[],"aioseo_notices":[],"_links":{"self":[{"href":"https:\/\/dev-site.powercode.pro\/pl\/wp-json\/wp\/v2\/pages\/1547"}],"collection":[{"href":"https:\/\/dev-site.powercode.pro\/pl\/wp-json\/wp\/v2\/pages"}],"about":[{"href":"https:\/\/dev-site.powercode.pro\/pl\/wp-json\/wp\/v2\/types\/page"}],"author":[{"embeddable":true,"href":"https:\/\/dev-site.powercode.pro\/pl\/wp-json\/wp\/v2\/users\/1"}],"replies":[{"embeddable":true,"href":"https:\/\/dev-site.powercode.pro\/pl\/wp-json\/wp\/v2\/comments?post=1547"}],"version-history":[{"count":3,"href":"https:\/\/dev-site.powercode.pro\/pl\/wp-json\/wp\/v2\/pages\/1547\/revisions"}],"predecessor-version":[{"id":1550,"href":"https:\/\/dev-site.powercode.pro\/pl\/wp-json\/wp\/v2\/pages\/1547\/revisions\/1550"}],"wp:featuredmedia":[{"embeddable":true,"href":"https:\/\/dev-site.powercode.pro\/pl\/wp-json\/wp\/v2\/media\/724"}],"wp:attachment":[{"href":"https:\/\/dev-site.powercode.pro\/pl\/wp-json\/wp\/v2\/media?parent=1547"}],"curies":[{"name":"wp","href":"https:\/\/api.w.org\/{rel}","templated":true}]}}