{"id":1555,"date":"2024-07-01T11:36:48","date_gmt":"2024-07-01T08:36:48","guid":{"rendered":"https:\/\/dev-site.powercode.pro\/outstaffing\/"},"modified":"2024-07-29T16:59:33","modified_gmt":"2024-07-29T13:59:33","slug":"outstaffing","status":"publish","type":"page","link":"https:\/\/dev-site.powercode.pro\/pl\/outstaffing\/","title":{"rendered":"Outstaffing"},"content":{"rendered":"\n<p>Space IT oferuje wygodn\u0105 us\u0142ug\u0119 outstaffingu, zapewniaj\u0105c do\u015bwiadczonych i kompetentnych profesjonalist\u00f3w, kt\u00f3rzy idealnie odpowiadaj\u0105 Twoim wymaganiom. Wystarczy tylko wybra\u0107 kategori\u0119 specjalist\u00f3w, niezb\u0119dne technologie i terminy naszej wsp\u00f3\u0142pracy. Reszt\u0119 zrobimy sami.  <\/p>\n","protected":false},"excerpt":{"rendered":"<p>Space IT oferuje wygodn\u0105 us\u0142ug\u0119 outstaffingu, zapewniaj\u0105c do\u015bwiadczonych i kompetentnych profesjonalist\u00f3w, kt\u00f3rzy idealnie odpowiadaj\u0105 Twoim wymaganiom. Wystarczy tylko wybra\u0107 kategori\u0119 specjalist\u00f3w, niezb\u0119dne technologie i terminy naszej wsp\u00f3\u0142pracy. Reszt\u0119 zrobimy sami.<\/p>\n","protected":false},"author":1,"featured_media":772,"parent":0,"menu_order":0,"comment_status":"closed","ping_status":"closed","template":"templates\/outstaffing.php","meta":[],"acf":[],"aioseo_notices":[],"_links":{"self":[{"href":"https:\/\/dev-site.powercode.pro\/pl\/wp-json\/wp\/v2\/pages\/1555"}],"collection":[{"href":"https:\/\/dev-site.powercode.pro\/pl\/wp-json\/wp\/v2\/pages"}],"about":[{"href":"https:\/\/dev-site.powercode.pro\/pl\/wp-json\/wp\/v2\/types\/page"}],"author":[{"embeddable":true,"href":"https:\/\/dev-site.powercode.pro\/pl\/wp-json\/wp\/v2\/users\/1"}],"replies":[{"embeddable":true,"href":"https:\/\/dev-site.powercode.pro\/pl\/wp-json\/wp\/v2\/comments?post=1555"}],"version-history":[{"count":3,"href":"https:\/\/dev-site.powercode.pro\/pl\/wp-json\/wp\/v2\/pages\/1555\/revisions"}],"predecessor-version":[{"id":1558,"href":"https:\/\/dev-site.powercode.pro\/pl\/wp-json\/wp\/v2\/pages\/1555\/revisions\/1558"}],"wp:featuredmedia":[{"embeddable":true,"href":"https:\/\/dev-site.powercode.pro\/pl\/wp-json\/wp\/v2\/media\/772"}],"wp:attachment":[{"href":"https:\/\/dev-site.powercode.pro\/pl\/wp-json\/wp\/v2\/media?parent=1555"}],"curies":[{"name":"wp","href":"https:\/\/api.w.org\/{rel}","templated":true}]}}